{"id":6083,"date":"2020-09-10T08:12:49","date_gmt":"2020-09-10T12:12:49","guid":{"rendered":"https:\/\/monsieurmuffle.wpenginepowered.com\/?page_id=6083"},"modified":"2025-01-20T00:14:36","modified_gmt":"2025-01-20T05:14:36","slug":"ateliers","status":"publish","type":"page","link":"https:\/\/monsieurmuffler.com\/fr\/ateliers\/","title":{"rendered":"TROUVEZ L\u2019ATELIER <br \/>LE PLUS PR\u00c8S"},"content":{"rendered":"\n<div class=\"wp-block-group store-locator-page\"><div class=\"wp-block-group__inner-container is-layout-flow wp-block-group-is-layout-flow\">\n<h1 style=\"position: absolute !important; padding-right: 20px;width: 630px;left: 0;top: 200px;text-align: right;font-size: 1.5625rem;color: #003c78;text-transform: uppercase;font-weight: 900;\">TROUVEZ L&rsquo;ATELIER<br> LE PLUS PR\u00c8S<\/h1>\n\n\n<style>\n  \/*\r\nWelcome to the Custom CSS editor!\r\n \r\nType in a word like \"ba\" below and press ctrl+space or alt+space to get \"background\"\r\n*\/\r\n.storeLocatorWrapper{\r\n    display: flex;\r\n    flex-flow: row nowrap;\r\n    height: 100vh;\r\n    overflow: hidden;\r\n    max-height: 700px;\r\n}\r\n.locationList {\r\n    width: 40%;\r\n}\r\n\r\ngoogle-map {\r\n    width: 100%;\r\n}\r\n\r\n.storeList{\r\n    display: block;\r\n    height: 87%;\r\n    overflow: auto;\r\n    margin: 0;\r\n    padding: 0;\r\n}\r\n\r\n.map-container {\r\n    width: 100% !important;\r\n    height: 100% !important;\r\n}\r\n.search input{\r\n    width: 100%;\r\n    margin-bottom: 15px;\r\n}\r\n.d-inline-block {\r\n    display: inline-block!important;\r\n}\r\n.dropdown, .dropleft, .dropright, .dropup {\r\n    position: relative;\r\n}\r\n.dropdown-menu.show {\r\n    display: block;\r\n    width: 100%;\r\n}\r\n.dropdown-menu[x-placement^=bottom], .dropdown-menu[x-placement^=left], .dropdown-menu[x-placement^=right], .dropdown-menu[x-placement^=top] {\r\n    right: auto;\r\n    bottom: auto;\r\n}\r\n.dropdown-item {\r\n    display: block;\r\n    clear: both;\r\n    font-weight: 400;\r\n    color: #212529;\r\n    text-align: inherit;\r\n    white-space: nowrap;\r\n    background-color: transparent;\r\n    border: 0;\r\n    text-overflow: ellipsis;\r\n    overflow: hidden;\r\n    margin: 0;\r\n    padding: 10px;\r\n    font-size: 1.3em;\r\n}\r\n.dropdown-item:focus, .dropdown-item:hover, .dropdown-item.selected {\r\n    color: #16181b;\r\n    text-decoration: none;\r\n    background-color: #f8f9fa;\r\n}\r\n.storeList li span {\r\n    display: inline-block;\r\n    margin-bottom: 5px;\r\n}\r\n.dropdown-menu {\r\n    position: absolute;\r\n    top: 100%;\r\n    left: 0;\r\n    z-index: 1000;\r\n    display: none;\r\n    float: left;\r\n    min-width: 10rem;\r\n    padding: .5rem 0;\r\n    margin: .125rem 0 0;\r\n    font-size: 1rem;\r\n    color: #212529;\r\n    text-align: left;\r\n    list-style: none;\r\n    background-color: #fff;\r\n    background-clip: padding-box;\r\n    border: 1px solid rgba(0,0,0,.15);\r\n    border-radius: .25rem;\r\n}\r\n.storeList li {\r\n    padding: 20px;\r\n}\r\n.storeList li:hover {\r\n    background-color: #f8f9fa;\r\n    cursor: pointer;\r\n}\r\n.ctas {\r\n    width: 47%;\r\n    display: flex;\r\n    flex-flow: column;\r\n}\r\n.callDirectionsCta {\r\n    display: flex;\r\n    justify-content: space-between;\r\n}\r\n.schedulesCtaWrapper {\r\n    display: flex;\r\n    align-items: center;\r\n    justify-content: space-between;\r\n    min-height: 80px;\r\n}\r\n.filterWrapper {\r\n    display: flex;\r\n    justify-content: space-between;\r\n}\r\n.setAsFavourite {\r\n    flex: 1 auto;\r\n    width: 100%;\r\n}\r\n.setAsFavourite button {\r\n    width: 100%;\r\n}\r\n.schedules span:nth-of-type(1) {\r\n    margin-right: 5px;\r\n}\r\n.filterWrapper div button {\r\n    width: 95%;\r\n}\r\n.d-inline-block.dropdown {\r\n    width: 100%;\r\n}\n<\/style>\n<script src=\"https:\/\/monsieurmuffler.com\/wp-content\/plugins\/store-locator-plugin\/public\/\/js\/angularapp.js\"><\/script>\n<script src=\"https:\/\/maps.googleapis.com\/maps\/api\/js?key=AIzaSyASfi9X_Dkx7A7-JDDqekmvTQb2s6xpuoI&language=fr&libraries=geometry\"><\/script>\n<app-localtrac-store-locator\n    userlang=\"fr\"\n    apiurl=\"https:\/\/monsieurmuffler.com\/wp-json\/ltstorelocator\/v1\"\n    postsurl=\"https:\/\/monsieurmuffler.com\/wp-json\/wp\/v2\/lt_store_locator\"\n    zoom=\"14\"\n    selectlocationcta=\"S\u00e9lectionnez\"\n    selectedlocationtranslation=\"S\u00e9lectionn\u00e9\"\n    searchradius=\"40000\"\n    brandaddressprefixsearch=\"Monsieur Muffler\"\n    mappin=\"https:\/\/www.monsieurmuffler.com\/wp-content\/uploads\/2020\/10\/2_Array\"\n    mappinselected=\"https:\/\/www.monsieurmuffler.com\/wp-content\/uploads\/2020\/10\/3_Array\"\n    single=\"\"\n    ><\/app-localtrac-store-locator>\n    <div class=\"powered-by\"><a href=\"https:\/\/www.publitech.com\/en\/local-marketing\/\" target=\"_blank\"><img decoding=\"async\" src=\"https:\/\/monsieurmuffler.com\/wp-content\/plugins\/store-locator-plugin\/public\/assets\/images\/favicon_publitech.png\"> Powered by LOCALTRAC<\/a><\/div>\n\n\n\n<script type=\"application\/javascript\">\n\njQuery( document ).ready(function() {\nif( \/Android|webOS|iPhone|iPad|iPod|BlackBerry|IEMobile|Opera Mini\/i.test(navigator.userAgent) ) {\n jQuery(\".searchWrap\").prependTo(jQuery( \".storeLocatorWrapper\" ) );\njQuery(\".suggestionsDropdown\").prependTo(jQuery( \".storeLocatorWrapper\" ) ).addClass('mobileDropdown');\njQuery(\"h1\").hide();\n}\nif( \/iPhone|iPad|iPod\/i.test(navigator.userAgent) ) {\n jQuery(\".storeLocatorWrapper\").addClass('ios');\n}\n\n});\n<\/script>\n<style>\nh1 {\n    position: absolute !important;\n    padding-right: 20px;\n    width: 630px;\n    left: 0;\n    top: 150px;\n    text-align: right;\n    font-size: 1.5625rem;\n    color: #003c78;\n    text-transform: uppercase;\n    font-weight: 900;\n}\n<\/style>\n<\/div><\/div>\n\n\n\n<p><\/p>\n","protected":false},"excerpt":{"rendered":"<p>TROUVEZ L&rsquo;ATELIER LE PLUS PR\u00c8S<\/p>\n","protected":false},"author":1,"featured_media":0,"parent":0,"menu_order":0,"comment_status":"closed","ping_status":"closed","template":"page-full.php","meta":{"footnotes":""},"class_list":["post-6083","page","type-page","status-publish","hentry"],"yoast_head":"<!-- This site is optimized with the Yoast SEO plugin v22.4 - https:\/\/yoast.com\/wordpress\/plugins\/seo\/ -->\n<title>TROUVEZ L\u2019ATELIER LE PLUS PR\u00c8S - Monsieur Muffler<\/title>\n<meta name=\"description\" content=\"Nos copilotes r\u00e9parent tout type de v\u00e9hicules et vous conseillent sur le meilleur entretien pour votre voiture. Qu&#039;il s&#039;agisse de freins, de direction ou de pneus, passez voir les experts!\" \/>\n<meta name=\"robots\" content=\"index, follow, max-snippet:-1, max-image-preview:large, max-video-preview:-1\" \/>\n<link rel=\"canonical\" href=\"https:\/\/monsieurmuffler.com\/fr\/ateliers\/\" \/>\n<meta property=\"og:locale\" content=\"fr_CA\" \/>\n<meta property=\"og:type\" content=\"article\" \/>\n<meta property=\"og:title\" content=\"TROUVEZ L\u2019ATELIER LE PLUS PR\u00c8S - Monsieur Muffler\" \/>\n<meta property=\"og:description\" content=\"Nos copilotes r\u00e9parent tout type de v\u00e9hicules et vous conseillent sur le meilleur entretien pour votre voiture. Qu&#039;il s&#039;agisse de freins, de direction ou de pneus, passez voir les experts!\" \/>\n<meta property=\"og:url\" content=\"https:\/\/monsieurmuffler.com\/fr\/wp-json\/wp\/v2\/pages\/6083\" \/>\n<meta property=\"og:site_name\" content=\"Monsieur Muffler\" \/>\n<meta property=\"article:modified_time\" content=\"2025-01-20T05:14:36+00:00\" \/>\n<meta property=\"og:image\" content=\"https:\/\/www.monsieurmuffler.com\/wp-content\/themes\/monsieurmuffler\/assets\/img\/logo_200x200.png\" \/>\n\t<meta property=\"og:image:width\" content=\"200\" \/>\n\t<meta property=\"og:image:height\" content=\"202\" \/>\n<meta name=\"twitter:card\" content=\"summary_large_image\" \/>\n<script type=\"application\/ld+json\" class=\"yoast-schema-graph\">{\"@context\":\"https:\/\/schema.org\",\"@graph\":[{\"@type\":\"WebPage\",\"@id\":\"https:\/\/monsieurmuffler.com\/fr\/ateliers\/\",\"url\":\"https:\/\/monsieurmuffler.com\/fr\/ateliers\/\",\"name\":\"TROUVEZ L\u2019ATELIER LE PLUS PR\u00c8S - Monsieur Muffler\",\"isPartOf\":{\"@id\":\"http:\/\/monsieurmuffler.com\/fr\/#website\"},\"datePublished\":\"2020-09-10T12:12:49+00:00\",\"dateModified\":\"2025-01-20T05:14:36+00:00\",\"description\":\"Nos copilotes r\u00e9parent tout type de v\u00e9hicules et vous conseillent sur le meilleur entretien pour votre voiture. Qu'il s'agisse de freins, de direction ou de pneus, passez voir les experts!\",\"breadcrumb\":{\"@id\":\"https:\/\/monsieurmuffler.com\/fr\/ateliers\/#breadcrumb\"},\"inLanguage\":\"en-CA\",\"potentialAction\":[{\"@type\":\"ReadAction\",\"target\":[\"https:\/\/monsieurmuffler.com\/fr\/ateliers\/\"]}]},{\"@type\":\"BreadcrumbList\",\"@id\":\"https:\/\/monsieurmuffler.com\/fr\/ateliers\/#breadcrumb\",\"itemListElement\":[{\"@type\":\"ListItem\",\"position\":1,\"name\":\"Page d'accueil\",\"item\":\"https:\/\/monsieurmuffler.com\/fr\/\"},{\"@type\":\"ListItem\",\"position\":2,\"name\":\"TROUVEZ L\u2019ATELIER LE PLUS PR\u00c8S\"}]},{\"@type\":\"WebSite\",\"@id\":\"http:\/\/monsieurmuffler.com\/fr\/#website\",\"url\":\"http:\/\/monsieurmuffler.com\/fr\/\",\"name\":\"Monsieur Muffler\",\"description\":\"Just another WordPress site\",\"potentialAction\":[{\"@type\":\"SearchAction\",\"target\":{\"@type\":\"EntryPoint\",\"urlTemplate\":\"http:\/\/monsieurmuffler.com\/fr\/?s={search_term_string}\"},\"query-input\":\"required name=search_term_string\"}],\"inLanguage\":\"en-CA\"}]}<\/script>\n<!-- \/ Yoast SEO plugin. -->","yoast_head_json":{"title":"TROUVEZ L\u2019ATELIER LE PLUS PR\u00c8S - Monsieur Muffler","description":"Nos copilotes r\u00e9parent tout type de v\u00e9hicules et vous conseillent sur le meilleur entretien pour votre voiture. Qu'il s'agisse de freins, de direction ou de pneus, passez voir les experts!","robots":{"index":"index","follow":"follow","max-snippet":"max-snippet:-1","max-image-preview":"max-image-preview:large","max-video-preview":"max-video-preview:-1"},"canonical":"https:\/\/monsieurmuffler.com\/fr\/ateliers\/","og_locale":"fr_CA","og_type":"article","og_title":"TROUVEZ L\u2019ATELIER LE PLUS PR\u00c8S - Monsieur Muffler","og_description":"Nos copilotes r\u00e9parent tout type de v\u00e9hicules et vous conseillent sur le meilleur entretien pour votre voiture. Qu'il s'agisse de freins, de direction ou de pneus, passez voir les experts!","og_url":"https:\/\/monsieurmuffler.com\/fr\/wp-json\/wp\/v2\/pages\/6083","og_site_name":"Monsieur Muffler","article_modified_time":"2025-01-20T05:14:36+00:00","og_image":[{"url":"https:\/\/www.monsieurmuffler.com\/wp-content\/themes\/monsieurmuffler\/assets\/img\/logo_200x200.png","height":202,"width":200}],"twitter_card":"summary_large_image","schema":{"@context":"https:\/\/schema.org","@graph":[{"@type":"WebPage","@id":"https:\/\/monsieurmuffler.com\/fr\/ateliers\/","url":"https:\/\/monsieurmuffler.com\/fr\/ateliers\/","name":"TROUVEZ L\u2019ATELIER LE PLUS PR\u00c8S - Monsieur Muffler","isPartOf":{"@id":"http:\/\/monsieurmuffler.com\/fr\/#website"},"datePublished":"2020-09-10T12:12:49+00:00","dateModified":"2025-01-20T05:14:36+00:00","description":"Nos copilotes r\u00e9parent tout type de v\u00e9hicules et vous conseillent sur le meilleur entretien pour votre voiture. Qu'il s'agisse de freins, de direction ou de pneus, passez voir les experts!","breadcrumb":{"@id":"https:\/\/monsieurmuffler.com\/fr\/ateliers\/#breadcrumb"},"inLanguage":"en-CA","potentialAction":[{"@type":"ReadAction","target":["https:\/\/monsieurmuffler.com\/fr\/ateliers\/"]}]},{"@type":"BreadcrumbList","@id":"https:\/\/monsieurmuffler.com\/fr\/ateliers\/#breadcrumb","itemListElement":[{"@type":"ListItem","position":1,"name":"Page d'accueil","item":"https:\/\/monsieurmuffler.com\/fr\/"},{"@type":"ListItem","position":2,"name":"TROUVEZ L\u2019ATELIER LE PLUS PR\u00c8S"}]},{"@type":"WebSite","@id":"http:\/\/monsieurmuffler.com\/fr\/#website","url":"http:\/\/monsieurmuffler.com\/fr\/","name":"Monsieur Muffler","description":"Just another WordPress site","potentialAction":[{"@type":"SearchAction","target":{"@type":"EntryPoint","urlTemplate":"http:\/\/monsieurmuffler.com\/fr\/?s={search_term_string}"},"query-input":"required name=search_term_string"}],"inLanguage":"en-CA"}]}},"_links":{"self":[{"href":"https:\/\/monsieurmuffler.com\/fr\/wp-json\/wp\/v2\/pages\/6083","targetHints":{"allow":["GET"]}}],"collection":[{"href":"https:\/\/monsieurmuffler.com\/fr\/wp-json\/wp\/v2\/pages"}],"about":[{"href":"https:\/\/monsieurmuffler.com\/fr\/wp-json\/wp\/v2\/types\/page"}],"author":[{"embeddable":true,"href":"https:\/\/monsieurmuffler.com\/fr\/wp-json\/wp\/v2\/users\/1"}],"replies":[{"embeddable":true,"href":"https:\/\/monsieurmuffler.com\/fr\/wp-json\/wp\/v2\/comments?post=6083"}],"version-history":[{"count":0,"href":"https:\/\/monsieurmuffler.com\/fr\/wp-json\/wp\/v2\/pages\/6083\/revisions"}],"wp:attachment":[{"href":"https:\/\/monsieurmuffler.com\/fr\/wp-json\/wp\/v2\/media?parent=6083"}],"curies":[{"name":"wp","href":"https:\/\/api.w.org\/{rel}","templated":true}]}}